{"id":455,"date":"2021-01-11T12:25:02","date_gmt":"2021-01-11T09:25:02","guid":{"rendered":"https:\/\/standartlarzirvesi.org\/2022\/?page_id=455"},"modified":"2022-01-10T12:21:48","modified_gmt":"2022-01-10T09:21:48","slug":"oturumlar","status":"publish","type":"page","link":"https:\/\/standartlarzirvesi.org\/2022\/oturumlar","title":{"rendered":"Oturumlar"},"content":{"rendered":"<ul>\n<li><a href=\"https:\/\/standartlarzirvesi.org\/2022\/oturumlar\/oturum-1-bulut-teknolojileri-ve-guvenligi\">Oturum-1: Bulut Teknolojileri ve G\u00fcvenli\u011fi<\/a><\/li>\n<li><a href=\"https:\/\/standartlarzirvesi.org\/2022\/oturumlar\/oturum-2-yeni-normalde-siber-guvenlik-riskleri\">Oturum-2: Dijital D\u00f6n\u00fc\u015f\u00fcm ve Altyap\u0131s\u0131 (Veri Merkezleri)<\/a><\/li>\n<\/ul>\n","protected":false},"excerpt":{"rendered":"<p>Oturum-1: Bulut Teknolojileri ve G\u00fcvenli\u011fi Oturum-2: Dijital D\u00f6n\u00fc\u015f\u00fcm ve Altyap\u0131s\u0131 (Veri Merkezleri)<\/p>\n","protected":false},"author":1,"featured_media":0,"parent":0,"menu_order":0,"comment_status":"closed","ping_status":"closed","template":"","meta":{"rs_blank_template":"","rs_page_bg_color":"","slide_template_v7":"","footnotes":""},"class_list":["post-455","page","type-page","status-publish","hentry"],"_links":{"self":[{"href":"https:\/\/standartlarzirvesi.org\/2022\/wp-json\/wp\/v2\/pages\/455","targetHints":{"allow":["GET"]}}],"collection":[{"href":"https:\/\/standartlarzirvesi.org\/2022\/wp-json\/wp\/v2\/pages"}],"about":[{"href":"https:\/\/standartlarzirvesi.org\/2022\/wp-json\/wp\/v2\/types\/page"}],"author":[{"embeddable":true,"href":"https:\/\/standartlarzirvesi.org\/2022\/wp-json\/wp\/v2\/users\/1"}],"replies":[{"embeddable":true,"href":"https:\/\/standartlarzirvesi.org\/2022\/wp-json\/wp\/v2\/comments?post=455"}],"version-history":[{"count":6,"href":"https:\/\/standartlarzirvesi.org\/2022\/wp-json\/wp\/v2\/pages\/455\/revisions"}],"predecessor-version":[{"id":720,"href":"https:\/\/standartlarzirvesi.org\/2022\/wp-json\/wp\/v2\/pages\/455\/revisions\/720"}],"wp:attachment":[{"href":"https:\/\/standartlarzirvesi.org\/2022\/wp-json\/wp\/v2\/media?parent=455"}],"curies":[{"name":"wp","href":"https:\/\/api.w.org\/{rel}","templated":true}]}}