{"id":463,"date":"2021-01-11T12:34:39","date_gmt":"2021-01-11T09:34:39","guid":{"rendered":"https:\/\/standartlarzirvesi.org\/2022\/?page_id=463"},"modified":"2022-01-10T10:14:57","modified_gmt":"2022-01-10T07:14:57","slug":"oturum-2-yeni-normalde-siber-guvenlik-riskleri","status":"publish","type":"page","link":"https:\/\/standartlarzirvesi.org\/2022\/oturumlar\/oturum-2-yeni-normalde-siber-guvenlik-riskleri","title":{"rendered":"Oturum-2: Dijital D\u00f6n\u00fc\u015f\u00fcm ve Altyap\u0131s\u0131 (Veri Merkezleri)"},"content":{"rendered":"<h3><strong>OTURUM-2: D\u0130J\u0130TAL D\u00d6N\u00dc\u015e\u00dcM ve ALTYAPISI (VER\u0130 MERKEZLER\u0130)<\/strong><\/h3>\n<p>Dijital D\u00f6n\u00fc\u015f\u00fcm&#8217;\u00fcn b\u00fcy\u00fck bir ivme kazand\u0131\u011f\u0131 g\u00fcn\u00fcm\u00fcz \u015fartlar\u0131nda \u00fclkemizdeki Dijital D\u00f6n\u00fc\u015f\u00fcm \u00e7al\u0131\u015fmalar\u0131n\u0131n temel altyap\u0131s\u0131n\u0131 olu\u015fturmas\u0131 gereken Veri Merkezleri&#8217;nin mevcudiyeti, yetkinli\u011fi ve yeterlili\u011fi de b\u00fcy\u00fck \u00f6nem kazanm\u0131\u015ft\u0131r. \u00dclkemizin &#8220;Veri Merkezi \u00dcss\u00fc&#8221; olma hedefine ula\u015fmas\u0131, beraberinde d\u00f6n\u00fc\u015f\u00fcm \u00e7al\u0131\u015fmalar\u0131n\u0131n Yerli-Milli \u00e7\u00f6z\u00fcmlerle ve h\u0131zla hayata ge\u00e7irilmesini sa\u011flayacakt\u0131r. Bu do\u011frultuda Kamu Kurumlar\u0131m\u0131z\u0131n atm\u0131\u015f olduklar\u0131 ad\u0131mlar, belirlenen stratejiler, politikalar ve eylem ad\u0131mlar\u0131n\u0131n yan\u0131 s\u0131ra, \u00d6zel Sekt\u00f6r&#8217;\u00fcn konu ile ilgili gelecek \u00f6ng\u00f6r\u00fcleri, vizyonlar\u0131 ve varsa projeleri bu oturumda konu\u015fulacakt\u0131r. Bu y\u00f6nde at\u0131lacak ad\u0131mlarda Uluslararas\u0131 standardlara uygun Ulusal Standartlar\u0131m\u0131z\u0131n olu\u015fturulmas\u0131, belgelendirilmesi, test ve denetim mekan\u0131zmalar\u0131n\u0131n olu\u015fturulmas\u0131 da bu oturumda ele al\u0131nmas\u0131 planlanan konular aras\u0131ndad\u0131r.<\/p>\n","protected":false},"excerpt":{"rendered":"<p>OTURUM-2: D\u0130J\u0130TAL D\u00d6N\u00dc\u015e\u00dcM ve ALTYAPISI (VER\u0130 MERKEZLER\u0130) Dijital D\u00f6n\u00fc\u015f\u00fcm&#8217;\u00fcn b\u00fcy\u00fck bir ivme kazand\u0131\u011f\u0131 g\u00fcn\u00fcm\u00fcz \u015fartlar\u0131nda \u00fclkemizdeki Dijital D\u00f6n\u00fc\u015f\u00fcm \u00e7al\u0131\u015fmalar\u0131n\u0131n temel altyap\u0131s\u0131n\u0131 olu\u015fturmas\u0131 gereken Veri Merkezleri&#8217;nin mevcudiyeti,<span class=\"excerpt-hellip\"> [\u2026]<\/span><\/p>\n","protected":false},"author":1,"featured_media":0,"parent":455,"menu_order":0,"comment_status":"closed","ping_status":"closed","template":"","meta":{"rs_blank_template":"","rs_page_bg_color":"","slide_template_v7":"","footnotes":""},"class_list":["post-463","page","type-page","status-publish","hentry"],"_links":{"self":[{"href":"https:\/\/standartlarzirvesi.org\/2022\/wp-json\/wp\/v2\/pages\/463","targetHints":{"allow":["GET"]}}],"collection":[{"href":"https:\/\/standartlarzirvesi.org\/2022\/wp-json\/wp\/v2\/pages"}],"about":[{"href":"https:\/\/standartlarzirvesi.org\/2022\/wp-json\/wp\/v2\/types\/page"}],"author":[{"embeddable":true,"href":"https:\/\/standartlarzirvesi.org\/2022\/wp-json\/wp\/v2\/users\/1"}],"replies":[{"embeddable":true,"href":"https:\/\/standartlarzirvesi.org\/2022\/wp-json\/wp\/v2\/comments?post=463"}],"version-history":[{"count":7,"href":"https:\/\/standartlarzirvesi.org\/2022\/wp-json\/wp\/v2\/pages\/463\/revisions"}],"predecessor-version":[{"id":718,"href":"https:\/\/standartlarzirvesi.org\/2022\/wp-json\/wp\/v2\/pages\/463\/revisions\/718"}],"up":[{"embeddable":true,"href":"https:\/\/standartlarzirvesi.org\/2022\/wp-json\/wp\/v2\/pages\/455"}],"wp:attachment":[{"href":"https:\/\/standartlarzirvesi.org\/2022\/wp-json\/wp\/v2\/media?parent=463"}],"curies":[{"name":"wp","href":"https:\/\/api.w.org\/{rel}","templated":true}]}}