{"id":628,"date":"2021-02-10T19:48:22","date_gmt":"2021-02-10T16:48:22","guid":{"rendered":"https:\/\/standartlarzirvesi.org\/2022\/?page_id=628"},"modified":"2022-01-10T10:58:37","modified_gmt":"2022-01-10T07:58:37","slug":"etkinlik-yurutme-kurulu","status":"publish","type":"page","link":"https:\/\/standartlarzirvesi.org\/2022\/etkinlik-yurutme-kurulu","title":{"rendered":"Etkinlik Y\u00fcr\u00fctme Kurulu"},"content":{"rendered":"<ul>\n<li>Ali YAZICI<\/li>\n<li>Vural R\u0131za \u0130BR\u0130\u015e\u0130M<\/li>\n<li>Merve Hatice KARATA\u015e<\/li>\n<li>Dr. Ziya KARAKAYA<\/li>\n<li>L\u00fctfi \u00d6ZB\u0130LEN<\/li>\n<li>Ye\u015fim ERGUN<\/li>\n<li>Serap KILI\u00c7DO\u011eAN<\/li>\n<li>Ceren TUN\u00c7<\/li>\n<li>Bar\u0131\u015f PEKTA\u015e<\/li>\n<\/ul>\n","protected":false},"excerpt":{"rendered":"<p>Ali YAZICI Vural R\u0131za \u0130BR\u0130\u015e\u0130M Merve Hatice KARATA\u015e Dr. Ziya KARAKAYA L\u00fctfi \u00d6ZB\u0130LEN Ye\u015fim ERGUN Serap KILI\u00c7DO\u011eAN Ceren TUN\u00c7 Bar\u0131\u015f PEKTA\u015e<\/p>\n","protected":false},"author":1,"featured_media":0,"parent":0,"menu_order":0,"comment_status":"closed","ping_status":"closed","template":"","meta":{"rs_blank_template":"","rs_page_bg_color":"","slide_template_v7":"","footnotes":""},"class_list":["post-628","page","type-page","status-publish","hentry"],"_links":{"self":[{"href":"https:\/\/standartlarzirvesi.org\/2022\/wp-json\/wp\/v2\/pages\/628","targetHints":{"allow":["GET"]}}],"collection":[{"href":"https:\/\/standartlarzirvesi.org\/2022\/wp-json\/wp\/v2\/pages"}],"about":[{"href":"https:\/\/standartlarzirvesi.org\/2022\/wp-json\/wp\/v2\/types\/page"}],"author":[{"embeddable":true,"href":"https:\/\/standartlarzirvesi.org\/2022\/wp-json\/wp\/v2\/users\/1"}],"replies":[{"embeddable":true,"href":"https:\/\/standartlarzirvesi.org\/2022\/wp-json\/wp\/v2\/comments?post=628"}],"version-history":[{"count":4,"href":"https:\/\/standartlarzirvesi.org\/2022\/wp-json\/wp\/v2\/pages\/628\/revisions"}],"predecessor-version":[{"id":719,"href":"https:\/\/standartlarzirvesi.org\/2022\/wp-json\/wp\/v2\/pages\/628\/revisions\/719"}],"wp:attachment":[{"href":"https:\/\/standartlarzirvesi.org\/2022\/wp-json\/wp\/v2\/media?parent=628"}],"curies":[{"name":"wp","href":"https:\/\/api.w.org\/{rel}","templated":true}]}}